{"id":1080,"date":"2025-03-12T04:17:54","date_gmt":"2025-03-12T04:17:54","guid":{"rendered":"https:\/\/uhy-mx.com\/wp\/?page_id=1080"},"modified":"2025-09-26T20:14:25","modified_gmt":"2025-09-27T02:14:25","slug":"ubicaciones","status":"publish","type":"page","link":"https:\/\/www.uhy-mx.com\/en\/ubicaciones\/","title":{"rendered":"Locations"},"content":{"rendered":"<div data-elementor-type=\"wp-page\" data-elementor-id=\"1080\" class=\"elementor elementor-1080\">\n\t\t\t\t<div class=\"elementor-element elementor-element-ed4ce20 e-flex e-con-boxed e-con e-parent\" data-id=\"ed4ce20\" data-element_type=\"container\">\n\t\t\t\t\t<div class=\"e-con-inner\">\n\t\t\t\t<div class=\"elementor-element elementor-element-46fe1bc elementor-widget elementor-widget-spacer\" data-id=\"46fe1bc\" data-element_type=\"widget\" data-widget_type=\"spacer.default\">\n\t\t\t\t<div class=\"elementor-widget-container\">\n\t\t\t\t\t\t\t<div class=\"elementor-spacer\">\n\t\t\t<div class=\"elementor-spacer-inner\"><\/div>\n\t\t<\/div>\n\t\t\t\t\t\t<\/div>\n\t\t\t\t<\/div>\n\t\t\t\t<div class=\"elementor-element elementor-element-db138ae elementor-widget elementor-widget-heading\" data-id=\"db138ae\" data-element_type=\"widget\" data-widget_type=\"heading.default\">\n\t\t\t\t<div class=\"elementor-widget-container\">\n\t\t\t\t\t<h2 class=\"elementor-heading-title elementor-size-default\">Locations<\/h2>\t\t\t\t<\/div>\n\t\t\t\t<\/div>\n\t\t\t\t\t<\/div>\n\t\t\t\t<\/div>\n\t\t<div class=\"elementor-element elementor-element-29b3e3f e-flex e-con-boxed e-con e-parent\" data-id=\"29b3e3f\" data-element_type=\"container\">\n\t\t\t\t\t<div class=\"e-con-inner\">\n\t\t\t\t<div class=\"elementor-element elementor-element-390a136 elementor-widget-divider--view-line elementor-widget elementor-widget-divider\" data-id=\"390a136\" data-element_type=\"widget\" data-widget_type=\"divider.default\">\n\t\t\t\t<div class=\"elementor-widget-container\">\n\t\t\t\t\t\t\t<div class=\"elementor-divider\">\n\t\t\t<span class=\"elementor-divider-separator\">\n\t\t\t\t\t\t<\/span>\n\t\t<\/div>\n\t\t\t\t\t\t<\/div>\n\t\t\t\t<\/div>\n\t\t\t\t\t<\/div>\n\t\t\t\t<\/div>\n\t\t<div class=\"elementor-element elementor-element-4c1f5fe e-grid e-con-boxed e-con e-parent\" data-id=\"4c1f5fe\" data-element_type=\"container\">\n\t\t\t\t\t<div class=\"e-con-inner\">\n\t\t\t\t<div class=\"elementor-element elementor-element-f32d169 elementor-widget elementor-widget-text-editor\" data-id=\"f32d169\" data-element_type=\"widget\" data-widget_type=\"text-editor.default\">\n\t\t\t\t<div class=\"elementor-widget-container\">\n\t\t\t\t\t\t\t\t\t<p><strong>M\u00c9XICO<\/strong><\/p><p>M\u00e9xico Central office (UHY liaison office)<br \/>Av. Paseo de la Reforma No.195 Pisos 16, 17 y P.H. Alc. de Cuauht\u00e9moc, Col. Cuauht\u00e9moc M\u00e9xico City C.P. 06500 M\u00e9xico<\/p><p><strong>Monterrey<\/strong><br \/>Penthouse 901 Edificio III Moll del Valle, Calzada del Valle No. 400 Ote. Col. Del Valle, C.P. 66220 San Pedro Garza Garc\u00eda, N.L. M\u00e9xico<\/p><p><strong>Quer\u00e9taro, Qro.<\/strong><br \/>Armando Birlain 2001 Corporativo 1 Piso 15-A Colonia Centro Sur (Complejo Central Park) Quer\u00e9taro, Qro. C.P. 76090 M\u00e9xico<\/p><p><strong>Villahermosa<\/strong><br \/>Edificio Samarkanda, Avenida Samarkanda 306, piso 4 Col. Tabasco 2000, Villahermosa, Tabasco C.P. 86030 M\u00e9xico<\/p><p><strong>Our network was 340 offices on 100 countries.\u00a0<\/strong><\/p>\t\t\t\t\t\t\t\t<\/div>\n\t\t\t\t<\/div>\n\t\t<div class=\"elementor-element elementor-element-1410c0d e-con-full e-flex e-con e-child\" data-id=\"1410c0d\" data-element_type=\"container\">\n\t\t\t\t<div class=\"elementor-element elementor-element-73f2298 elementor-widget elementor-widget-html\" data-id=\"73f2298\" data-element_type=\"widget\" data-widget_type=\"html.default\">\n\t\t\t\t<div class=\"elementor-widget-container\">\n\t\t\t\t\t<iframe src=\"https:\/\/www.google.com\/maps\/d\/u\/0\/embed?mid=17SbJiHoPfe2PmTTCPjbcP8LkHS8ws_w&ehbc=2E312F&noprof=1\" width=\"640\" height=\"480\"><\/iframe>\t\t\t\t<\/div>\n\t\t\t\t<\/div>\n\t\t\t\t<\/div>\n\t\t\t\t<div class=\"elementor-element elementor-element-f24ed54 elementor-widget elementor-widget-spacer\" data-id=\"f24ed54\" data-element_type=\"widget\" data-widget_type=\"spacer.default\">\n\t\t\t\t<div class=\"elementor-widget-container\">\n\t\t\t\t\t\t\t<div class=\"elementor-spacer\">\n\t\t\t<div class=\"elementor-spacer-inner\"><\/div>\n\t\t<\/div>\n\t\t\t\t\t\t<\/div>\n\t\t\t\t<\/div>\n\t\t\t\t<div class=\"elementor-element elementor-element-4447047 elementor-align-center elementor-widget elementor-widget-button\" data-id=\"4447047\" data-element_type=\"widget\" data-widget_type=\"button.default\">\n\t\t\t\t<div class=\"elementor-widget-container\">\n\t\t\t\t\t\t\t\t\t<div class=\"elementor-button-wrapper\">\n\t\t\t\t\t<a class=\"elementor-button elementor-button-link elementor-size-sm\" href=\"https:\/\/www.uhy.com\/our-locations\">\n\t\t\t\t\t\t<span class=\"elementor-button-content-wrapper\">\n\t\t\t\t\t\t\t\t\t<span class=\"elementor-button-text\">FIND OUT ALL OF OUR LOCATIONS WORLDWIDE HERE<\/span>\n\t\t\t\t\t<\/span>\n\t\t\t\t\t<\/a>\n\t\t\t\t<\/div>\n\t\t\t\t\t\t\t\t<\/div>\n\t\t\t\t<\/div>\n\t\t\t\t\t<\/div>\n\t\t\t\t<\/div>\n\t\t<div class=\"elementor-element elementor-element-e8eb2c9 e-grid e-con-boxed e-con e-parent\" data-id=\"e8eb2c9\" data-element_type=\"container\" data-settings=\"{&quot;background_background&quot;:&quot;classic&quot;}\">\n\t\t\t\t\t<div class=\"e-con-inner\">\n\t\t\t\t<div class=\"elementor-element elementor-element-311573c elementor-widget elementor-widget-image\" data-id=\"311573c\" data-element_type=\"widget\" data-widget_type=\"image.default\">\n\t\t\t\t<div class=\"elementor-widget-container\">\n\t\t\t\t\t\t\t\t\t\t\t\t\t\t\t<img fetchpriority=\"high\" decoding=\"async\" width=\"929\" height=\"311\" src=\"https:\/\/www.uhy-mx.com\/wp-content\/uploads\/2025\/03\/uhy_logo_white.webp\" class=\"attachment-large size-large wp-image-871\" alt=\"\" srcset=\"https:\/\/www.uhy-mx.com\/wp-content\/uploads\/2025\/03\/uhy_logo_white.webp 929w, https:\/\/www.uhy-mx.com\/wp-content\/uploads\/2025\/03\/uhy_logo_white-300x100.webp 300w, https:\/\/www.uhy-mx.com\/wp-content\/uploads\/2025\/03\/uhy_logo_white-768x257.webp 768w\" sizes=\"(max-width: 929px) 100vw, 929px\" \/>\t\t\t\t\t\t\t\t\t\t\t\t\t\t\t<\/div>\n\t\t\t\t<\/div>\n\t\t\t\t<div class=\"elementor-element elementor-element-21d877f elementor-hidden-mobile elementor-widget elementor-widget-spacer\" data-id=\"21d877f\" data-element_type=\"widget\" data-widget_type=\"spacer.default\">\n\t\t\t\t<div class=\"elementor-widget-container\">\n\t\t\t\t\t\t\t<div class=\"elementor-spacer\">\n\t\t\t<div class=\"elementor-spacer-inner\"><\/div>\n\t\t<\/div>\n\t\t\t\t\t\t<\/div>\n\t\t\t\t<\/div>\n\t\t\t\t<div class=\"elementor-element elementor-element-716d9ec e-grid-align-mobile-center elementor-shape-rounded elementor-grid-0 e-grid-align-center elementor-widget elementor-widget-social-icons\" data-id=\"716d9ec\" data-element_type=\"widget\" data-widget_type=\"social-icons.default\">\n\t\t\t\t<div class=\"elementor-widget-container\">\n\t\t\t\t\t\t\t<div class=\"elementor-social-icons-wrapper elementor-grid\" role=\"list\">\n\t\t\t\t\t\t\t<span class=\"elementor-grid-item\" role=\"listitem\">\n\t\t\t\t\t<a class=\"elementor-icon elementor-social-icon elementor-social-icon-facebook elementor-repeater-item-9d32b00\" href=\"https:\/\/www.facebook.com\/100046824526577\/wall\/#\" target=\"_blank\">\n\t\t\t\t\t\t<span class=\"elementor-screen-only\">Facebook<\/span>\n\t\t\t\t\t\t<svg aria-hidden=\"true\" class=\"e-font-icon-svg e-fab-facebook\" viewbox=\"0 0 512 512\" xmlns=\"http:\/\/www.w3.org\/2000\/svg\"><path d=\"M504 256C504 119 393 8 256 8S8 119 8 256c0 123.78 90.69 226.38 209.25 245V327.69h-63V256h63v-54.64c0-62.15 37-96.48 93.67-96.48 27.14 0 55.52 4.84 55.52 4.84v61h-31.28c-30.8 0-40.41 19.12-40.41 38.73V256h68.78l-11 71.69h-57.78V501C413.31 482.38 504 379.78 504 256z\"><\/path><\/svg>\t\t\t\t\t<\/a>\n\t\t\t\t<\/span>\n\t\t\t\t\t\t\t<span class=\"elementor-grid-item\" role=\"listitem\">\n\t\t\t\t\t<a class=\"elementor-icon elementor-social-icon elementor-social-icon-linkedin elementor-repeater-item-0938de1\" href=\"https:\/\/www.linkedin.com\/in\/uhyge\/\" target=\"_blank\">\n\t\t\t\t\t\t<span class=\"elementor-screen-only\">Linkedin<\/span>\n\t\t\t\t\t\t<svg aria-hidden=\"true\" class=\"e-font-icon-svg e-fab-linkedin\" viewbox=\"0 0 448 512\" xmlns=\"http:\/\/www.w3.org\/2000\/svg\"><path d=\"M416 32H31.9C14.3 32 0 46.5 0 64.3v383.4C0 465.5 14.3 480 31.9 480H416c17.6 0 32-14.5 32-32.3V64.3c0-17.8-14.4-32.3-32-32.3zM135.4 416H69V202.2h66.5V416zm-33.2-243c-21.3 0-38.5-17.3-38.5-38.5S80.9 96 102.2 96c21.2 0 38.5 17.3 38.5 38.5 0 21.3-17.2 38.5-38.5 38.5zm282.1 243h-66.4V312c0-24.8-.5-56.7-34.5-56.7-34.6 0-39.9 27-39.9 54.9V416h-66.4V202.2h63.7v29.2h.9c8.9-16.8 30.6-34.5 62.9-34.5 67.2 0 79.7 44.3 79.7 101.9V416z\"><\/path><\/svg>\t\t\t\t\t<\/a>\n\t\t\t\t<\/span>\n\t\t\t\t\t\t\t<span class=\"elementor-grid-item\" role=\"listitem\">\n\t\t\t\t\t<a class=\"elementor-icon elementor-social-icon elementor-social-icon-x-twitter elementor-repeater-item-3c96a38\" href=\"https:\/\/www.uhy-mx.com\/en\/home\/services\/Services.htm\/\" target=\"_blank\">\n\t\t\t\t\t\t<span class=\"elementor-screen-only\">X-twitter<\/span>\n\t\t\t\t\t\t<svg aria-hidden=\"true\" class=\"e-font-icon-svg e-fab-x-twitter\" viewbox=\"0 0 512 512\" xmlns=\"http:\/\/www.w3.org\/2000\/svg\"><path d=\"M389.2 48h70.6L305.6 224.2 487 464H345L233.7 318.6 106.5 464H35.8L200.7 275.5 26.8 48H172.4L272.9 180.9 389.2 48zM364.4 421.8h39.1L151.1 88h-42L364.4 421.8z\"><\/path><\/svg>\t\t\t\t\t<\/a>\n\t\t\t\t<\/span>\n\t\t\t\t\t<\/div>\n\t\t\t\t\t\t<\/div>\n\t\t\t\t<\/div>\n\t\t\t\t<div class=\"elementor-element elementor-element-d2fbb90 elementor-widget elementor-widget-text-editor\" data-id=\"d2fbb90\" data-element_type=\"widget\" data-widget_type=\"text-editor.default\">\n\t\t\t\t<div class=\"elementor-widget-container\">\n\t\t\t\t\t\t\t\t\t<p><a href=\"https:\/\/www.uhy-mx.com\/en\/politica-de-privacidad-y-cookies\/\">Privacy and cookie policy<\/a><\/p><p><a href=\"https:\/\/www.uhy-mx.com\/en\/firm-disclaimer\/\">Descargo de responsabilidad de firma<\/a><\/p><p>@ Copyright 2025 UHY International Ltd.<\/p>\t\t\t\t\t\t\t\t<\/div>\n\t\t\t\t<\/div>\n\t\t\t\t\t<\/div>\n\t\t\t\t<\/div>\n\t\t\t\t<\/div>","protected":false},"excerpt":{"rendered":"<p>Ubicaciones M\u00c9XICO M\u00e9xico Sede Central (UHY liaison office)Av. Paseo de la Reforma No.195 Pisos 16, 17 y P.H. Alc. de [&hellip;]<\/p>","protected":false},"author":1,"featured_media":0,"parent":0,"menu_order":0,"comment_status":"closed","ping_status":"closed","template":"","meta":{"site-sidebar-layout":"no-sidebar","site-content-layout":"","ast-site-content-layout":"full-width-container","site-content-style":"default","site-sidebar-style":"default","ast-global-header-display":"","ast-banner-title-visibility":"","ast-main-header-display":"","ast-hfb-above-header-display":"","ast-hfb-below-header-display":"","ast-hfb-mobile-header-display":"","site-post-title":"disabled","ast-breadcrumbs-content":"","ast-featured-img":"disabled","footer-sml-layout":"","theme-transparent-header-meta":"","adv-header-id-meta":"","stick-header-meta":"","header-above-stick-meta":"","header-main-stick-meta":"","header-below-stick-meta":"","astra-migrate-meta-layouts":"default","ast-page-background-enabled":"default","ast-page-background-meta":{"desktop":{"background-color":"var(--ast-global-color-4)","background-image":"","background-repeat":"repeat","background-position":"center center","background-size":"auto","background-attachment":"scroll","background-type":"","background-media":"","overlay-type":"","overlay-color":"","overlay-opacity":"","overlay-gradient":""},"tablet":{"background-color":"","background-image":"","background-repeat":"repeat","background-position":"center center","background-size":"auto","background-attachment":"scroll","background-type":"","background-media":"","overlay-type":"","overlay-color":"","overlay-opacity":"","overlay-gradient":""},"mobile":{"background-color":"","background-image":"","background-repeat":"repeat","background-position":"center center","background-size":"auto","background-attachment":"scroll","background-type":"","background-media":"","overlay-type":"","overlay-color":"","overlay-opacity":"","overlay-gradient":""}},"ast-content-background-meta":{"desktop":{"background-color":"var(--ast-global-color-5)","background-image":"","background-repeat":"repeat","background-position":"center center","background-size":"auto","background-attachment":"scroll","background-type":"","background-media":"","overlay-type":"","overlay-color":"","overlay-opacity":"","overlay-gradient":""},"tablet":{"background-color":"var(--ast-global-color-5)","background-image":"","background-repeat":"repeat","background-position":"center center","background-size":"auto","background-attachment":"scroll","background-type":"","background-media":"","overlay-type":"","overlay-color":"","overlay-opacity":"","overlay-gradient":""},"mobile":{"background-color":"var(--ast-global-color-5)","background-image":"","background-repeat":"repeat","background-position":"center center","background-size":"auto","background-attachment":"scroll","background-type":"","background-media":"","overlay-type":"","overlay-color":"","overlay-opacity":"","overlay-gradient":""}},"footnotes":""},"class_list":["post-1080","page","type-page","status-publish","hentry"],"yoast_head":"<!-- This site is optimized with the Yoast SEO plugin v26.0 - https:\/\/yoast.com\/wordpress\/plugins\/seo\/ -->\n<title>Ubicaciones -<\/title>\n<meta name=\"robots\" content=\"index, follow, max-snippet:-1, max-image-preview:large, max-video-preview:-1\" \/>\n<link rel=\"canonical\" href=\"https:\/\/www.uhy-mx.com\/en\/ubicaciones\/\" \/>\n<meta property=\"og:locale\" content=\"en_GB\" \/>\n<meta property=\"og:type\" content=\"article\" \/>\n<meta property=\"og:title\" content=\"Ubicaciones -\" \/>\n<meta property=\"og:description\" content=\"Ubicaciones M\u00c9XICO M\u00e9xico Sede Central (UHY liaison office)Av. Paseo de la Reforma No.195 Pisos 16, 17 y P.H. Alc. de [&hellip;]\" \/>\n<meta property=\"og:url\" content=\"https:\/\/www.uhy-mx.com\/en\/ubicaciones\/\" \/>\n<meta property=\"article:modified_time\" content=\"2025-09-27T02:14:25+00:00\" \/>\n<meta property=\"og:image\" content=\"https:\/\/www.uhy-mx.com\/wp-content\/uploads\/2025\/03\/uhy_logo_white.webp\" \/>\n\t<meta property=\"og:image:width\" content=\"929\" \/>\n\t<meta property=\"og:image:height\" content=\"311\" \/>\n\t<meta property=\"og:image:type\" content=\"image\/webp\" \/>\n<meta name=\"twitter:card\" content=\"summary_large_image\" \/>\n<meta name=\"twitter:label1\" content=\"Estimated reading time\" \/>\n\t<meta name=\"twitter:data1\" content=\"1 minute\" \/>\n<script type=\"application\/ld+json\" class=\"yoast-schema-graph\">{\"@context\":\"https:\/\/schema.org\",\"@graph\":[{\"@type\":\"WebPage\",\"@id\":\"https:\/\/www.uhy-mx.com\/ubicaciones\/\",\"url\":\"https:\/\/www.uhy-mx.com\/ubicaciones\/\",\"name\":\"Ubicaciones -\",\"isPartOf\":{\"@id\":\"https:\/\/www.uhy-mx.com\/#website\"},\"primaryImageOfPage\":{\"@id\":\"https:\/\/www.uhy-mx.com\/ubicaciones\/#primaryimage\"},\"image\":{\"@id\":\"https:\/\/www.uhy-mx.com\/ubicaciones\/#primaryimage\"},\"thumbnailUrl\":\"https:\/\/www.uhy-mx.com\/wp-content\/uploads\/2025\/03\/uhy_logo_white.webp\",\"datePublished\":\"2025-03-12T04:17:54+00:00\",\"dateModified\":\"2025-09-27T02:14:25+00:00\",\"breadcrumb\":{\"@id\":\"https:\/\/www.uhy-mx.com\/ubicaciones\/#breadcrumb\"},\"inLanguage\":\"en-GB\",\"potentialAction\":[{\"@type\":\"ReadAction\",\"target\":[\"https:\/\/www.uhy-mx.com\/ubicaciones\/\"]}]},{\"@type\":\"ImageObject\",\"inLanguage\":\"en-GB\",\"@id\":\"https:\/\/www.uhy-mx.com\/ubicaciones\/#primaryimage\",\"url\":\"https:\/\/www.uhy-mx.com\/wp-content\/uploads\/2025\/03\/uhy_logo_white.webp\",\"contentUrl\":\"https:\/\/www.uhy-mx.com\/wp-content\/uploads\/2025\/03\/uhy_logo_white.webp\"},{\"@type\":\"BreadcrumbList\",\"@id\":\"https:\/\/www.uhy-mx.com\/ubicaciones\/#breadcrumb\",\"itemListElement\":[{\"@type\":\"ListItem\",\"position\":1,\"name\":\"Home\",\"item\":\"https:\/\/www.uhy-mx.com\/\"},{\"@type\":\"ListItem\",\"position\":2,\"name\":\"Ubicaciones\"}]},{\"@type\":\"WebSite\",\"@id\":\"https:\/\/www.uhy-mx.com\/#website\",\"url\":\"https:\/\/www.uhy-mx.com\/\",\"name\":\"\",\"description\":\"UHY-MX site\",\"potentialAction\":[{\"@type\":\"SearchAction\",\"target\":{\"@type\":\"EntryPoint\",\"urlTemplate\":\"https:\/\/www.uhy-mx.com\/?s={search_term_string}\"},\"query-input\":{\"@type\":\"PropertyValueSpecification\",\"valueRequired\":true,\"valueName\":\"search_term_string\"}}],\"inLanguage\":\"en-GB\"}]}<\/script>\n<!-- \/ Yoast SEO plugin. -->","yoast_head_json":{"title":"Ubicaciones -","robots":{"index":"index","follow":"follow","max-snippet":"max-snippet:-1","max-image-preview":"max-image-preview:large","max-video-preview":"max-video-preview:-1"},"canonical":"https:\/\/www.uhy-mx.com\/en\/ubicaciones\/","og_locale":"en_GB","og_type":"article","og_title":"Ubicaciones -","og_description":"Ubicaciones M\u00c9XICO M\u00e9xico Sede Central (UHY liaison office)Av. Paseo de la Reforma No.195 Pisos 16, 17 y P.H. Alc. de [&hellip;]","og_url":"https:\/\/www.uhy-mx.com\/en\/ubicaciones\/","article_modified_time":"2025-09-27T02:14:25+00:00","og_image":[{"width":929,"height":311,"url":"https:\/\/www.uhy-mx.com\/wp-content\/uploads\/2025\/03\/uhy_logo_white.webp","type":"image\/webp"}],"twitter_card":"summary_large_image","twitter_misc":{"Estimated reading time":"1 minute"},"schema":{"@context":"https:\/\/schema.org","@graph":[{"@type":"WebPage","@id":"https:\/\/www.uhy-mx.com\/ubicaciones\/","url":"https:\/\/www.uhy-mx.com\/ubicaciones\/","name":"Ubicaciones -","isPartOf":{"@id":"https:\/\/www.uhy-mx.com\/#website"},"primaryImageOfPage":{"@id":"https:\/\/www.uhy-mx.com\/ubicaciones\/#primaryimage"},"image":{"@id":"https:\/\/www.uhy-mx.com\/ubicaciones\/#primaryimage"},"thumbnailUrl":"https:\/\/www.uhy-mx.com\/wp-content\/uploads\/2025\/03\/uhy_logo_white.webp","datePublished":"2025-03-12T04:17:54+00:00","dateModified":"2025-09-27T02:14:25+00:00","breadcrumb":{"@id":"https:\/\/www.uhy-mx.com\/ubicaciones\/#breadcrumb"},"inLanguage":"en-GB","potentialAction":[{"@type":"ReadAction","target":["https:\/\/www.uhy-mx.com\/ubicaciones\/"]}]},{"@type":"ImageObject","inLanguage":"en-GB","@id":"https:\/\/www.uhy-mx.com\/ubicaciones\/#primaryimage","url":"https:\/\/www.uhy-mx.com\/wp-content\/uploads\/2025\/03\/uhy_logo_white.webp","contentUrl":"https:\/\/www.uhy-mx.com\/wp-content\/uploads\/2025\/03\/uhy_logo_white.webp"},{"@type":"BreadcrumbList","@id":"https:\/\/www.uhy-mx.com\/ubicaciones\/#breadcrumb","itemListElement":[{"@type":"ListItem","position":1,"name":"Home","item":"https:\/\/www.uhy-mx.com\/"},{"@type":"ListItem","position":2,"name":"Ubicaciones"}]},{"@type":"WebSite","@id":"https:\/\/www.uhy-mx.com\/#website","url":"https:\/\/www.uhy-mx.com\/","name":"","description":"UHY-MX site","potentialAction":[{"@type":"SearchAction","target":{"@type":"EntryPoint","urlTemplate":"https:\/\/www.uhy-mx.com\/?s={search_term_string}"},"query-input":{"@type":"PropertyValueSpecification","valueRequired":true,"valueName":"search_term_string"}}],"inLanguage":"en-GB"}]}},"_links":{"self":[{"href":"https:\/\/www.uhy-mx.com\/en\/wp-json\/wp\/v2\/pages\/1080","targetHints":{"allow":["GET"]}}],"collection":[{"href":"https:\/\/www.uhy-mx.com\/en\/wp-json\/wp\/v2\/pages"}],"about":[{"href":"https:\/\/www.uhy-mx.com\/en\/wp-json\/wp\/v2\/types\/page"}],"author":[{"embeddable":true,"href":"https:\/\/www.uhy-mx.com\/en\/wp-json\/wp\/v2\/users\/1"}],"replies":[{"embeddable":true,"href":"https:\/\/www.uhy-mx.com\/en\/wp-json\/wp\/v2\/comments?post=1080"}],"version-history":[{"count":106,"href":"https:\/\/www.uhy-mx.com\/en\/wp-json\/wp\/v2\/pages\/1080\/revisions"}],"predecessor-version":[{"id":2474,"href":"https:\/\/www.uhy-mx.com\/en\/wp-json\/wp\/v2\/pages\/1080\/revisions\/2474"}],"wp:attachment":[{"href":"https:\/\/www.uhy-mx.com\/en\/wp-json\/wp\/v2\/media?parent=1080"}],"curies":[{"name":"wp","href":"https:\/\/api.w.org\/{rel}","templated":true}]}}